{"id":11335,"date":"2024-07-21T17:25:32","date_gmt":"2024-07-21T17:25:32","guid":{"rendered":"https:\/\/atvguinee.net\/?page_id=11335"},"modified":"2026-05-03T14:05:02","modified_gmt":"2026-05-03T14:05:02","slug":"atv-1","status":"publish","type":"page","link":"https:\/\/atvguinee.net\/","title":{"rendered":"Accueil"},"content":{"rendered":"<p>[vc_row full_width=\u00a0\u00bbstretch_row_content\u00a0\u00bb css=\u00a0\u00bb.vc_custom_1726661301988{background-color: #4b88a7 !important;}\u00a0\u00bb][vc_column width=\u00a0\u00bb2\/3&Prime;][vc_text_separator title=\u00a0\u00bbatv live\u00a0\u00bb][vc_raw_html]JTVCdnBsYXllciUyMGlkJTNEMjI2NDYlNUQ=[\/vc_raw_html][vc_empty_space][\/vc_column][vc_column width=\u00a0\u00bb1\/3&Prime;][vc_raw_html]JTNDY2VudGVyJTNFJTVCcmFkaW9fcGxheWVyJTIwaWQlM0QlMjIxJTIyJTVE[\/vc_raw_html]\t\t<div  class=\" vc_custom_1727962588711 better-studio-shortcode better-social-banner bsc-clearfix\">\n\t\t\t\t\t<h3 class=\"section-heading sh-t1 sh-s3\">\r\n\t\t\t\t\t<a href=\"https:\/\/www.facebook.com\/atvguinee.net\">\r\n\t\t\t\t<span class=\"h-text\"><i class=\"bf-icon  fa fa-facebook-f\"><\/i> NOUS SUIVRE SUR FACEBOOK<\/span>\r\n\t\t\t\t\t<\/a>\r\n\t\t\t\t<\/h3>\r\n\t\t\t\t<a href=\"https:\/\/www.facebook.com\/atvguinee.net\" class=\"banner-item item-facebook\">\n\t\t\t<i class=\"item-icon bsfi-facebook\"\n\t\t\t   aria-label=\"facebook\"><\/i>\n\t\t\t<span class=\"item-count\">Facebook<\/span>\n\t\t\t<span class=\"item-title\">Likes<\/span>\n\t\t\t<span class=\"item-button\">Like our page<\/span>\n\t\t<\/a>\n\t\t\t\t<\/div>\n\t\t[\/vc_column][\/vc_row][vc_row][vc_column width=\u00a0\u00bb2\/3&Prime;][\/vc_column][\/vc_row][vc_row][vc_column][vc_custom_heading text=\u00a0\u00bbNos \u00c9missions\u00a0\u00bb font_container=\u00a0\u00bbtag:h1|text_align:left\u00a0\u00bb]<div class=\" bs-listing bs-listing-modern-grid-listing-9 bs-listing-single-tab\">\t<div class=\"listing listing-modern-grid listing-modern-grid-9 clearfix slider-overlay-simple-gr l-1\">\r\n\t\t<div class=\"mg-col mg-col-1\">\r\n\t\t\t\t<article class=\"post-11854 type-post format-standard has-post-thumbnail  listing-item-1 listing-item listing-mg-item listing-mg-9-item listing-mg-type-1 main-term-37\">\r\n\t<div class=\"item-content\">\r\n\t\t<a  title=\"Islam &#038; Pratique Sp\u00e9cial Ramadan avec Oustaz cont\u00e9\" data-src=\"https:\/\/atvguinee.net\/wp-content\/uploads\/2025\/05\/Capture-decran-2025-05-11-a-09.23.39-750x430.png\" data-bs-srcset=\"{&quot;baseurl&quot;:&quot;https:\\\/\\\/atvguinee.net\\\/wp-content\\\/uploads\\\/2025\\\/05\\\/&quot;,&quot;sizes&quot;:{&quot;210&quot;:&quot;Capture-decran-2025-05-11-a-09.23.39-210x136.png&quot;,&quot;279&quot;:&quot;Capture-decran-2025-05-11-a-09.23.39-279x220.png&quot;,&quot;357&quot;:&quot;Capture-decran-2025-05-11-a-09.23.39-357x210.png&quot;,&quot;750&quot;:&quot;Capture-decran-2025-05-11-a-09.23.39-750x430.png&quot;,&quot;2560&quot;:&quot;Capture-decran-2025-05-11-a-09.23.39-scaled.png&quot;}}\"\t\t\t\tclass=\"img-cont\" href=\"https:\/\/atvguinee.net\/index.php\/2025\/05\/11\/islam-pratique-special-ramadan-avec-oustaz-conte\/\"><\/a>\r\n\t\t<div class=\"term-badges floated\"><span class=\"term-badge term-37\"><a href=\"https:\/\/atvguinee.net\/index.php\/category\/nos-videos\/\">NOS VIDEOS<\/a><\/span><\/div>\t\t<div class=\"content-container\">\r\n\t\t\t<h2 class=\"title\">\t\t\t<a href=\"https:\/\/atvguinee.net\/index.php\/2025\/05\/11\/islam-pratique-special-ramadan-avec-oustaz-conte\/\" class=\"post-url post-title\">\r\n\t\t\t\tIslam &#038; Pratique Sp\u00e9cial Ramadan avec Oustaz cont\u00e9\t\t\t<\/a>\r\n\t\t\t<\/h2>\t\t<div class=\"post-meta\">\r\n\r\n\t\t\t\t\t\t\t<a href=\"https:\/\/atvguinee.net\/index.php\/author\/admin\/\"\r\n\t\t\t\t   title=\"Browse Author Articles\"\r\n\t\t\t\t   class=\"post-author-a\">\r\n\t\t\t\t\t<i class=\"post-author author\">\r\n\t\t\t\t\t\tadmin\t\t\t\t\t<\/i>\r\n\t\t\t\t<\/a>\r\n\t\t\t\t\t\t\t<span class=\"time\"><time class=\"post-published updated\"\r\n\t\t\t\t                         datetime=\"2025-05-11T09:30:43+00:00\">Mai 11, 2025<\/time><\/span>\r\n\t\t\t\t<a href=\"https:\/\/atvguinee.net\/index.php\/2025\/05\/11\/islam-pratique-special-ramadan-avec-oustaz-conte\/#respond\" title=\"Leave a comment on: &ldquo;Islam &#038; Pratique Sp\u00e9cial Ramadan avec Oustaz cont\u00e9&rdquo;\" class=\"comments\"><i class=\"fa fa-comments-o\"><\/i> 0<\/a>\t\t<\/div>\r\n\t\t\t\t<\/div>\r\n\t<\/div>\r\n\t<\/article >\r\n\t\t<\/div>\r\n\t\t<div class=\"mg-col mg-col-2\">\r\n\t\t\t<div class=\"mg-row mg-row-1 clearfix\">\r\n\t\t\t\t<div class=\"item-2-cont\">\r\n\t\t\t\t\t\t<article class=\"post-11850 type-post format-standard has-post-thumbnail  listing-item-2 listing-item listing-mg-item listing-mg-9-item listing-mg-type-1 main-term-37\">\r\n\t<div class=\"item-content\">\r\n\t\t<a  title=\"Tour de control\" data-src=\"https:\/\/atvguinee.net\/wp-content\/uploads\/2025\/05\/Capture-decran-2025-05-11-a-09.16.07-279x220.png\" data-bs-srcset=\"{&quot;baseurl&quot;:&quot;https:\\\/\\\/atvguinee.net\\\/wp-content\\\/uploads\\\/2025\\\/05\\\/&quot;,&quot;sizes&quot;:{&quot;210&quot;:&quot;Capture-decran-2025-05-11-a-09.16.07-210x136.png&quot;,&quot;279&quot;:&quot;Capture-decran-2025-05-11-a-09.16.07-279x220.png&quot;,&quot;357&quot;:&quot;Capture-decran-2025-05-11-a-09.16.07-357x210.png&quot;,&quot;750&quot;:&quot;Capture-decran-2025-05-11-a-09.16.07-750x430.png&quot;,&quot;2560&quot;:&quot;Capture-decran-2025-05-11-a-09.16.07-scaled.png&quot;}}\"\t\t\t\tclass=\"img-cont\" href=\"https:\/\/atvguinee.net\/index.php\/2025\/05\/11\/tour-de-control\/\"><\/a>\r\n\t\t<div class=\"term-badges floated\"><span class=\"term-badge term-37\"><a href=\"https:\/\/atvguinee.net\/index.php\/category\/nos-videos\/\">NOS VIDEOS<\/a><\/span><\/div>\t\t<div class=\"content-container\">\r\n\t\t\t<h2 class=\"title\">\t\t\t<a href=\"https:\/\/atvguinee.net\/index.php\/2025\/05\/11\/tour-de-control\/\" class=\"post-url post-title\">\r\n\t\t\t\tTour de control\t\t\t<\/a>\r\n\t\t\t<\/h2>\t\t<\/div>\r\n\t<\/div>\r\n\t<\/article >\r\n\t\t\t\t<\/div>\r\n\t\t\t\t<div class=\"item-3-cont\">\r\n\t\t\t\t\t\t<article class=\"post-11846 type-post format-standard has-post-thumbnail  listing-item-3 listing-item listing-mg-item listing-mg-9-item listing-mg-type-1 main-term-37\">\r\n\t<div class=\"item-content\">\r\n\t\t<a  title=\"Pose de la premi\u00e8re pierre dpour la r\u00e9habilitation du tron\u00c7on Mamou -Faranah\" data-src=\"https:\/\/atvguinee.net\/wp-content\/uploads\/2025\/05\/Capture-decran-2025-05-11-a-09.10.59-279x220.png\" data-bs-srcset=\"{&quot;baseurl&quot;:&quot;https:\\\/\\\/atvguinee.net\\\/wp-content\\\/uploads\\\/2025\\\/05\\\/&quot;,&quot;sizes&quot;:{&quot;210&quot;:&quot;Capture-decran-2025-05-11-a-09.10.59-210x136.png&quot;,&quot;279&quot;:&quot;Capture-decran-2025-05-11-a-09.10.59-279x220.png&quot;,&quot;357&quot;:&quot;Capture-decran-2025-05-11-a-09.10.59-357x210.png&quot;,&quot;750&quot;:&quot;Capture-decran-2025-05-11-a-09.10.59-750x430.png&quot;,&quot;2560&quot;:&quot;Capture-decran-2025-05-11-a-09.10.59-scaled.png&quot;}}\"\t\t\t\tclass=\"img-cont\" href=\"https:\/\/atvguinee.net\/index.php\/2025\/05\/11\/pose-de-la-premiere-pierre-dpour-la-rehabilitation-du-troncon-mamou-faranah\/\"><\/a>\r\n\t\t<div class=\"term-badges floated\"><span class=\"term-badge term-37\"><a href=\"https:\/\/atvguinee.net\/index.php\/category\/nos-videos\/\">NOS VIDEOS<\/a><\/span><\/div>\t\t<div class=\"content-container\">\r\n\t\t\t<h2 class=\"title\">\t\t\t<a href=\"https:\/\/atvguinee.net\/index.php\/2025\/05\/11\/pose-de-la-premiere-pierre-dpour-la-rehabilitation-du-troncon-mamou-faranah\/\" class=\"post-url post-title\">\r\n\t\t\t\tPose de la premi\u00e8re pierre dpour la r\u00e9habilitation du tron\u00c7on Mamou&hellip;\t\t\t<\/a>\r\n\t\t\t<\/h2>\t\t<\/div>\r\n\t<\/div>\r\n\t<\/article >\r\n\t\t\t\t<\/div>\r\n\t\t\t<\/div>\r\n\t\t\t<div class=\"mg-row mg-row-2 clearfix\">\r\n\t\t\t\t<div class=\"item-4-cont\">\r\n\t\t\t\t\t\t<article class=\"post-11843 type-post format-standard has-post-thumbnail  listing-item-4 listing-item listing-mg-item listing-mg-9-item listing-mg-type-1 main-term-37\">\r\n\t<div class=\"item-content\">\r\n\t\t<a  title=\"Concert des divas de la foret Seny Tea &#038; Seny Malomou au belev\u00e9dere\" data-src=\"https:\/\/atvguinee.net\/wp-content\/uploads\/2025\/05\/Capture-decran-2025-05-11-a-09.08.16-279x220.png\" data-bs-srcset=\"{&quot;baseurl&quot;:&quot;https:\\\/\\\/atvguinee.net\\\/wp-content\\\/uploads\\\/2025\\\/05\\\/&quot;,&quot;sizes&quot;:{&quot;210&quot;:&quot;Capture-decran-2025-05-11-a-09.08.16-210x136.png&quot;,&quot;279&quot;:&quot;Capture-decran-2025-05-11-a-09.08.16-279x220.png&quot;,&quot;357&quot;:&quot;Capture-decran-2025-05-11-a-09.08.16-357x210.png&quot;,&quot;750&quot;:&quot;Capture-decran-2025-05-11-a-09.08.16-750x430.png&quot;,&quot;2560&quot;:&quot;Capture-decran-2025-05-11-a-09.08.16-scaled.png&quot;}}\"\t\t\t\tclass=\"img-cont\" href=\"https:\/\/atvguinee.net\/index.php\/2025\/05\/11\/concert-des-divas-de-la-foret-seny-tea-seny-malomou-au-belevedere\/\"><\/a>\r\n\t\t<div class=\"term-badges floated\"><span class=\"term-badge term-37\"><a href=\"https:\/\/atvguinee.net\/index.php\/category\/nos-videos\/\">NOS VIDEOS<\/a><\/span><\/div>\t\t<div class=\"content-container\">\r\n\t\t\t<h2 class=\"title\">\t\t\t<a href=\"https:\/\/atvguinee.net\/index.php\/2025\/05\/11\/concert-des-divas-de-la-foret-seny-tea-seny-malomou-au-belevedere\/\" class=\"post-url post-title\">\r\n\t\t\t\tConcert des divas de la foret Seny Tea &#038; Seny Malomou au&hellip;\t\t\t<\/a>\r\n\t\t\t<\/h2>\t\t<\/div>\r\n\t<\/div>\r\n\t<\/article >\r\n\t\t\t\t<\/div>\r\n\t\t\t\t<div class=\"item-5-cont\">\r\n\t\t\t\t\t\t<article class=\"post-11771 type-post format-video has-post-thumbnail  listing-item-5 listing-item listing-mg-item listing-mg-9-item listing-mg-type-1 main-term-37\">\r\n\t<div class=\"item-content\">\r\n\t\t<a  title=\"votre \u00c9mission en langue Poular KARAMBOL &#038; KAYDI   avec le R\u00e9alisateur Cin\u00e9aste Bobo Herico\" data-src=\"https:\/\/atvguinee.net\/wp-content\/uploads\/2024\/09\/Capture-decran-2025-05-11-a-09.01.05-scaled.png\" data-bs-srcset=\"{&quot;baseurl&quot;:&quot;https:\\\/\\\/atvguinee.net\\\/wp-content\\\/uploads\\\/2024\\\/09\\\/&quot;,&quot;sizes&quot;:{&quot;2560&quot;:&quot;Capture-decran-2025-05-11-a-09.01.05-scaled.png&quot;}}\"\t\t\t\tclass=\"img-cont\" href=\"https:\/\/atvguinee.net\/index.php\/2024\/09\/19\/votre-emission-en-langue-poular-karambol-kaydi-avec-le-realisateur-cineaste-bobo-herico\/\"><\/a>\r\n\t\t<div class=\"term-badges floated\"><span class=\"term-badge term-37\"><a href=\"https:\/\/atvguinee.net\/index.php\/category\/nos-videos\/\">NOS VIDEOS<\/a><\/span><\/div><span class=\"format-icon format-video\"><i class=\"fa fa-play\"><\/i><\/span>\t\t<div class=\"content-container\">\r\n\t\t\t<h2 class=\"title\">\t\t\t<a href=\"https:\/\/atvguinee.net\/index.php\/2024\/09\/19\/votre-emission-en-langue-poular-karambol-kaydi-avec-le-realisateur-cineaste-bobo-herico\/\" class=\"post-url post-title\">\r\n\t\t\t\tvotre \u00c9mission en langue Poular KARAMBOL &#038; KAYDI   avec le&hellip;\t\t\t<\/a>\r\n\t\t\t<\/h2>\t\t<\/div>\r\n\t<\/div>\r\n\t<\/article >\r\n\t\t\t\t<\/div>\r\n\t\t\t<\/div>\r\n\t\t<\/div>\r\n\t\t<div class=\"mg-col mg-col-3\">\r\n\t\t\t<div class=\"mg-row mg-row-1 clearfix\">\r\n\t\t\t\t<div class=\"item-6-cont\">\r\n\t\t\t\t\t\t<article class=\"post-11767 type-post format-video has-post-thumbnail  listing-item-6 listing-item listing-mg-item listing-mg-9-item listing-mg-type-1 main-term-37\">\r\n\t<div class=\"item-content\">\r\n\t\t<a  title=\"votre Emission atv live avec Chris Mako\" data-src=\"https:\/\/atvguinee.net\/wp-content\/uploads\/2024\/09\/Capture-decran-2025-05-11-a-09.04.58-279x220.png\" data-bs-srcset=\"{&quot;baseurl&quot;:&quot;https:\\\/\\\/atvguinee.net\\\/wp-content\\\/uploads\\\/2024\\\/09\\\/&quot;,&quot;sizes&quot;:{&quot;210&quot;:&quot;Capture-decran-2025-05-11-a-09.04.58-210x136.png&quot;,&quot;279&quot;:&quot;Capture-decran-2025-05-11-a-09.04.58-279x220.png&quot;,&quot;357&quot;:&quot;Capture-decran-2025-05-11-a-09.04.58-357x210.png&quot;,&quot;750&quot;:&quot;Capture-decran-2025-05-11-a-09.04.58-750x430.png&quot;,&quot;2560&quot;:&quot;Capture-decran-2025-05-11-a-09.04.58-scaled.png&quot;}}\"\t\t\t\tclass=\"img-cont\" href=\"https:\/\/atvguinee.net\/index.php\/2024\/09\/18\/votre-emission-atv-live-avec-chris-mako\/\"><\/a>\r\n\t\t<div class=\"term-badges floated\"><span class=\"term-badge term-37\"><a href=\"https:\/\/atvguinee.net\/index.php\/category\/nos-videos\/\">NOS VIDEOS<\/a><\/span><\/div><span class=\"format-icon format-video\"><i class=\"fa fa-play\"><\/i><\/span>\t\t<div class=\"content-container\">\r\n\t\t\t<h2 class=\"title\">\t\t\t<a href=\"https:\/\/atvguinee.net\/index.php\/2024\/09\/18\/votre-emission-atv-live-avec-chris-mako\/\" class=\"post-url post-title\">\r\n\t\t\t\tvotre Emission atv live avec Chris Mako\t\t\t<\/a>\r\n\t\t\t<\/h2>\t\t<\/div>\r\n\t<\/div>\r\n\t<\/article >\r\n\t\t\t\t<\/div>\r\n\t\t\t<\/div>\r\n\t\t\t<div class=\"mg-row mg-row-2 clearfix\">\r\n\t\t\t\t<div class=\"item-7-cont\">\r\n\t\t\t\t\t\t<article class=\"post-11764 type-post format-video has-post-thumbnail  listing-item-7 listing-item listing-mg-item listing-mg-9-item listing-mg-type-1 main-term-37\">\r\n\t<div class=\"item-content\">\r\n\t\t<a  title=\"votre Emission de Relooking  la belle Guineene\" data-src=\"https:\/\/atvguinee.net\/wp-content\/uploads\/2024\/09\/Capture-decran-2025-05-11-a-09.13.25-279x220.png\" data-bs-srcset=\"{&quot;baseurl&quot;:&quot;https:\\\/\\\/atvguinee.net\\\/wp-content\\\/uploads\\\/2024\\\/09\\\/&quot;,&quot;sizes&quot;:{&quot;210&quot;:&quot;Capture-decran-2025-05-11-a-09.13.25-210x136.png&quot;,&quot;279&quot;:&quot;Capture-decran-2025-05-11-a-09.13.25-279x220.png&quot;,&quot;357&quot;:&quot;Capture-decran-2025-05-11-a-09.13.25-357x210.png&quot;,&quot;750&quot;:&quot;Capture-decran-2025-05-11-a-09.13.25-750x430.png&quot;,&quot;2560&quot;:&quot;Capture-decran-2025-05-11-a-09.13.25-scaled.png&quot;}}\"\t\t\t\tclass=\"img-cont\" href=\"https:\/\/atvguinee.net\/index.php\/2024\/09\/18\/votre-emission-de-relooking-la-belle-guineene\/\"><\/a>\r\n\t\t<div class=\"term-badges floated\"><span class=\"term-badge term-37\"><a href=\"https:\/\/atvguinee.net\/index.php\/category\/nos-videos\/\">NOS VIDEOS<\/a><\/span><\/div><span class=\"format-icon format-video\"><i class=\"fa fa-play\"><\/i><\/span>\t\t<div class=\"content-container\">\r\n\t\t\t<h2 class=\"title\">\t\t\t<a href=\"https:\/\/atvguinee.net\/index.php\/2024\/09\/18\/votre-emission-de-relooking-la-belle-guineene\/\" class=\"post-url post-title\">\r\n\t\t\t\tvotre Emission de Relooking  la belle Guineene\t\t\t<\/a>\r\n\t\t\t<\/h2>\t\t<\/div>\r\n\t<\/div>\r\n\t<\/article >\r\n\t\t\t\t<\/div>\r\n\t\t\t<\/div>\r\n\t\t<\/div>\r\n\t<\/div>\r\n<\/div>\t\t<div  class=\"  better-studio-shortcode bsc-clearfix better-social-counter style-modern colored in-4-col\">\n\t\t\t\t\t\t<ul class=\"social-list bsc-clearfix\"><li class=\"social-item facebook\"><a href=\"https:\/\/www.facebook.com\/atvguinee.net\" class=\"item-link\" target=\"_blank\"><i class=\"item-icon bsfi-facebook\" ><\/i> <span class=\"item-count\" > Facebook<\/span> <span class=\"item-title\" > Likes<\/span> <\/a> <\/li> <li class=\"social-item twitter\"><a href=\"https:\/\/twitter.com\/BetterSTU\" class=\"item-link\" target=\"_blank\"><i class=\"item-icon bsfi-twitter\" ><\/i> <span class=\"item-count\" > Twitter<\/span> <span class=\"item-title\" > Followers<\/span> <\/a> <\/li> <li class=\"social-item youtube\"><a href=\"https:\/\/youtube.com\/channel\/UCQ7cvlk8xlT79K6-Bv2fDhw\" class=\"item-link\" target=\"_blank\"><i class=\"item-icon bsfi-youtube\" ><\/i> <span class=\"item-count\" > 350<\/span> <span class=\"item-title\" > Subscribers<\/span> <\/a> <\/li> <li class=\"social-item instagram\"><a href=\"https:\/\/instagram.com\/betterstudio\" class=\"item-link\" target=\"_blank\"><i class=\"item-icon bsfi-instagram\" ><\/i> <span class=\"item-count\" > Instagram<\/span> <span class=\"item-title\" > Followers<\/span> <\/a> <\/li> \t\t\t<\/ul>\n\t\t<\/div>\n\t\t[\/vc_column][\/vc_row][vc_row][vc_column][\/vc_column][\/vc_row]<\/p>\n","protected":false},"excerpt":{"rendered":"<p>[vc_row full_width=\u00a0\u00bbstretch_row_content\u00a0\u00bb css=\u00a0\u00bb.vc_custom_1726661301988{background-color: #4b88a7 !important;}\u00a0\u00bb][vc_column width=\u00a0\u00bb2\/3&Prime;][vc_text_separator title=\u00a0\u00bbatv live\u00a0\u00bb][vc_raw_html]JTVCdnBsYXllciUyMGlkJTNEMjI2NDYlNUQ=[\/vc_raw_html][vc_empty_space][\/vc_column][vc_column width=\u00a0\u00bb1\/3&Prime;][vc_raw_html]JTNDY2VudGVyJTNFJTVCcmFkaW9fcGxheWVyJTIwaWQlM0QlMjIxJTIyJTVE[\/vc_raw_html][\/vc_column][\/vc_row][vc_row][vc_column width=\u00a0\u00bb2\/3&Prime;][\/vc_column][\/vc_row][vc_row][vc_column][vc_custom_heading text=\u00a0\u00bbNos \u00c9missions\u00a0\u00bb font_container=\u00a0\u00bbtag:h1|text_align:left\u00a0\u00bb][\/vc_column][\/vc_row][vc_row][vc_column][\/vc_column][\/vc_row]<\/p>\n","protected":false},"author":1,"featured_media":0,"parent":0,"menu_order":0,"comment_status":"closed","ping_status":"closed","template":"","meta":{"footnotes":""},"class_list":["post-11335","page","type-page","status-publish","hentry"],"_links":{"self":[{"href":"https:\/\/atvguinee.net\/index.php\/wp-json\/wp\/v2\/pages\/11335","targetHints":{"allow":["GET"]}}],"collection":[{"href":"https:\/\/atvguinee.net\/index.php\/wp-json\/wp\/v2\/pages"}],"about":[{"href":"https:\/\/atvguinee.net\/index.php\/wp-json\/wp\/v2\/types\/page"}],"author":[{"embeddable":true,"href":"https:\/\/atvguinee.net\/index.php\/wp-json\/wp\/v2\/users\/1"}],"replies":[{"embeddable":true,"href":"https:\/\/atvguinee.net\/index.php\/wp-json\/wp\/v2\/comments?post=11335"}],"version-history":[{"count":51,"href":"https:\/\/atvguinee.net\/index.php\/wp-json\/wp\/v2\/pages\/11335\/revisions"}],"predecessor-version":[{"id":22647,"href":"https:\/\/atvguinee.net\/index.php\/wp-json\/wp\/v2\/pages\/11335\/revisions\/22647"}],"wp:attachment":[{"href":"https:\/\/atvguinee.net\/index.php\/wp-json\/wp\/v2\/media?parent=11335"}],"curies":[{"name":"wp","href":"https:\/\/api.w.org\/{rel}","templated":true}]}}